{"id":9053,"date":"2026-04-21T00:32:15","date_gmt":"2026-04-21T00:32:15","guid":{"rendered":"https:\/\/blog.theblyde.com\/?page_id=9053"},"modified":"2026-04-21T00:32:15","modified_gmt":"2026-04-21T00:32:15","slug":"fedezze-fel-a-nagylelku-udvozlo-bonuszokat-es-cashback-ajanlatokat-amelyek-a-spinbara-casino-biztonsagos-platformjan-varjak-valamint-rendszeres-promocioinkat-is-elvezheti","status":"publish","type":"page","link":"https:\/\/blog.theblyde.com\/?page_id=9053","title":{"rendered":"<div style=\"position: absolute; left: -7566px;\"><p>Fedezze fel a nagylelk\u0171 \u00fcdv\u00f6zl\u0151 b\u00f3nuszokat \u00e9s cashback aj\u00e1nlatokat, amelyek a <a href=\"https:\/\/spinbara-casino.hu.net\/\">Spinbara casino<\/a> biztons\u00e1gos platformj\u00e1n v\u00e1rj\u00e1k, valamint rendszeres prom\u00f3ci\u00f3inkat is \u00e9lvezheti.<\/p><\/div>"},"content":{"rendered":"","protected":false},"excerpt":{"rendered":"","protected":false},"author":1,"featured_media":0,"parent":0,"menu_order":0,"comment_status":"closed","ping_status":"closed","template":"","meta":{"footnotes":""},"class_list":["post-9053","page","type-page","status-publish","hentry"],"_links":{"self":[{"href":"https:\/\/blog.theblyde.com\/index.php?rest_route=\/wp\/v2\/pages\/9053","targetHints":{"allow":["GET"]}}],"collection":[{"href":"https:\/\/blog.theblyde.com\/index.php?rest_route=\/wp\/v2\/pages"}],"about":[{"href":"https:\/\/blog.theblyde.com\/index.php?rest_route=\/wp\/v2\/types\/page"}],"author":[{"embeddable":true,"href":"https:\/\/blog.theblyde.com\/index.php?rest_route=\/wp\/v2\/users\/1"}],"replies":[{"embeddable":true,"href":"https:\/\/blog.theblyde.com\/index.php?rest_route=%2Fwp%2Fv2%2Fcomments&post=9053"}],"version-history":[{"count":1,"href":"https:\/\/blog.theblyde.com\/index.php?rest_route=\/wp\/v2\/pages\/9053\/revisions"}],"predecessor-version":[{"id":9055,"href":"https:\/\/blog.theblyde.com\/index.php?rest_route=\/wp\/v2\/pages\/9053\/revisions\/9055"}],"wp:attachment":[{"href":"https:\/\/blog.theblyde.com\/index.php?rest_route=%2Fwp%2Fv2%2Fmedia&parent=9053"}],"curies":[{"name":"wp","href":"https:\/\/api.w.org\/{rel}","templated":true}]}}